{"id":155,"date":"2019-01-11T09:27:14","date_gmt":"2019-01-11T09:27:14","guid":{"rendered":"https:\/\/conter.es\/wp\/?page_id=155"},"modified":"2019-05-19T16:18:26","modified_gmt":"2019-05-19T16:18:26","slug":"vision-artificial","status":"publish","type":"page","link":"https:\/\/conter.es\/?page_id=155","title":{"rendered":"Automatizaci\u00f3n Industrial"},"content":{"rendered":"\n<p>La evoluci\u00f3n actual del sector del autom\u00f3vil requiere del desarrollo e implementaci\u00f3n de dispositivos electr\u00f3nicos. La parte que la electr\u00f3nica ocupa en un autom\u00f3vil crece cada d\u00eda. En base a las necesidades y especificaciones t\u00e9cnicas de la aplicaci\u00f3n automotriz a fabricar se debe analizar las condiciones de funcionamiento de la pieza, de manera individual y en conjunto; tomando en cuenta aspectos t\u00e9cnicos de dise\u00f1o y fabricaci\u00f3n. <\/p>\n\n\n\n<p>Los bancos de control que desarrollamos en\nConter permiten verificar de forma correcta y fiable la parte electr\u00f3nica de\ncualquier sistema o proceso industrial a comprobar. <\/p>\n","protected":false},"excerpt":{"rendered":"<p>La evoluci\u00f3n actual del sector del autom\u00f3vil requiere del desarrollo e implementaci\u00f3n de dispositivos electr\u00f3nicos. La parte que la electr\u00f3nica ocupa en un autom\u00f3vil crece cada d\u00eda. En base a las necesidades y especificaciones t\u00e9cnicas de la aplicaci\u00f3n automotriz a fabricar se debe analizar las condiciones de funcionamiento de la pieza, de manera individual y &hellip; <\/p>\n<p class=\"link-more\"><a href=\"https:\/\/conter.es\/?page_id=155\" class=\"more-link\">Continuar leyendo<span class=\"screen-reader-text\"> \u00abAutomatizaci\u00f3n Industrial\u00bb<\/span><\/a><\/p>\n","protected":false},"author":1,"featured_media":547,"parent":0,"menu_order":0,"comment_status":"closed","ping_status":"closed","template":"","meta":{"footnotes":""},"class_list":["post-155","page","type-page","status-publish","has-post-thumbnail","hentry"],"_links":{"self":[{"href":"https:\/\/conter.es\/index.php?rest_route=\/wp\/v2\/pages\/155","targetHints":{"allow":["GET"]}}],"collection":[{"href":"https:\/\/conter.es\/index.php?rest_route=\/wp\/v2\/pages"}],"about":[{"href":"https:\/\/conter.es\/index.php?rest_route=\/wp\/v2\/types\/page"}],"author":[{"embeddable":true,"href":"https:\/\/conter.es\/index.php?rest_route=\/wp\/v2\/users\/1"}],"replies":[{"embeddable":true,"href":"https:\/\/conter.es\/index.php?rest_route=%2Fwp%2Fv2%2Fcomments&post=155"}],"version-history":[{"count":5,"href":"https:\/\/conter.es\/index.php?rest_route=\/wp\/v2\/pages\/155\/revisions"}],"predecessor-version":[{"id":804,"href":"https:\/\/conter.es\/index.php?rest_route=\/wp\/v2\/pages\/155\/revisions\/804"}],"wp:featuredmedia":[{"embeddable":true,"href":"https:\/\/conter.es\/index.php?rest_route=\/wp\/v2\/media\/547"}],"wp:attachment":[{"href":"https:\/\/conter.es\/index.php?rest_route=%2Fwp%2Fv2%2Fmedia&parent=155"}],"curies":[{"name":"wp","href":"https:\/\/api.w.org\/{rel}","templated":true}]}}