{"id":159,"date":"2019-01-11T09:27:42","date_gmt":"2019-01-11T09:27:42","guid":{"rendered":"https:\/\/conter.es\/wp\/?page_id=159"},"modified":"2024-02-21T15:20:16","modified_gmt":"2024-02-21T15:20:16","slug":"electronica-en-el-automovil","status":"publish","type":"page","link":"https:\/\/conter.es\/","title":{"rendered":"Visi\u00f3n Artificial"},"content":{"rendered":"<p>La visi\u00f3n artificial es una disciplina cient\u00edfica que incluye m\u00e9todos para adquirir, procesar, analizar y comprender las im\u00e1genes del mundo real con el fin de producir informaci\u00f3n num\u00e9rica o simb\u00f3lica para que puedan ser tratadas por un ordenador.<\/p>\n<p>Mediante esta disciplina y gracias, a la experiencia y a la especializaci\u00f3n de nuestro equipo, somos capaces de aportar fiabilidad a los equipos de control y test que desarrollamos.<\/p>\n\n\n<p><br><\/p>\n\n\n\n<p><\/p>\n","protected":false},"excerpt":{"rendered":"<p>La visi\u00f3n artificial es una disciplina cient\u00edfica que incluye m\u00e9todos para adquirir, procesar, analizar y comprender las im\u00e1genes del mundo real con el fin de producir informaci\u00f3n num\u00e9rica o simb\u00f3lica para que puedan ser tratadas por un ordenador. Mediante esta disciplina y gracias, a la experiencia y a la especializaci\u00f3n de nuestro equipo, somos capaces &hellip; <\/p>\n<p class=\"link-more\"><a href=\"https:\/\/conter.es\/\" class=\"more-link\">Continuar leyendo<span class=\"screen-reader-text\"> \u00abVisi\u00f3n Artificial\u00bb<\/span><\/a><\/p>\n","protected":false},"author":1,"featured_media":368,"parent":0,"menu_order":0,"comment_status":"closed","ping_status":"closed","template":"","meta":{"footnotes":""},"class_list":["post-159","page","type-page","status-publish","has-post-thumbnail","hentry"],"_links":{"self":[{"href":"https:\/\/conter.es\/index.php?rest_route=\/wp\/v2\/pages\/159","targetHints":{"allow":["GET"]}}],"collection":[{"href":"https:\/\/conter.es\/index.php?rest_route=\/wp\/v2\/pages"}],"about":[{"href":"https:\/\/conter.es\/index.php?rest_route=\/wp\/v2\/types\/page"}],"author":[{"embeddable":true,"href":"https:\/\/conter.es\/index.php?rest_route=\/wp\/v2\/users\/1"}],"replies":[{"embeddable":true,"href":"https:\/\/conter.es\/index.php?rest_route=%2Fwp%2Fv2%2Fcomments&post=159"}],"version-history":[{"count":8,"href":"https:\/\/conter.es\/index.php?rest_route=\/wp\/v2\/pages\/159\/revisions"}],"predecessor-version":[{"id":421,"href":"https:\/\/conter.es\/index.php?rest_route=\/wp\/v2\/pages\/159\/revisions\/421"}],"wp:featuredmedia":[{"embeddable":true,"href":"https:\/\/conter.es\/index.php?rest_route=\/wp\/v2\/media\/368"}],"wp:attachment":[{"href":"https:\/\/conter.es\/index.php?rest_route=%2Fwp%2Fv2%2Fmedia&parent=159"}],"curies":[{"name":"wp","href":"https:\/\/api.w.org\/{rel}","templated":true}]}}