{"id":164,"date":"2019-01-11T09:30:06","date_gmt":"2019-01-11T09:30:06","guid":{"rendered":"https:\/\/conter.es\/wp\/?page_id=164"},"modified":"2019-05-19T16:29:55","modified_gmt":"2019-05-19T16:29:55","slug":"robotica","status":"publish","type":"page","link":"https:\/\/conter.es\/?page_id=164","title":{"rendered":"Buses de Comunicaci\u00f3n"},"content":{"rendered":"\n<p>Los buses de comunicaci\u00f3n sirven como soporte para la realizaci\u00f3n de transferencias de informacion entre unidades diferentes de un computador. La tendencia actual tanto en el sector del autom\u00f3vil como en otros sectores (aviaci\u00f3n, electrodom\u00e9sticos, etc.) es la comunicaci\u00f3n entre s\u00ed de diferentes centrales electr\u00f3nicas (CU) mediante la utilizaci\u00f3n de buses de comunicaci\u00f3n como pueden ser CAN, FlexRay, CANopen, Ethernet para autom\u00f3vil, etc. <\/p>\n\n\n\n<p>En Conter dise\u00f1amos y\ndesarrollamos equipos para verificar el correcto funcionamiento de estos\nsistemas de comunicaciones. <\/p>\n","protected":false},"excerpt":{"rendered":"<p>Los buses de comunicaci\u00f3n sirven como soporte para la realizaci\u00f3n de transferencias de informacion entre unidades diferentes de un computador. La tendencia actual tanto en el sector del autom\u00f3vil como en otros sectores (aviaci\u00f3n, electrodom\u00e9sticos, etc.) es la comunicaci\u00f3n entre s\u00ed de diferentes centrales electr\u00f3nicas (CU) mediante la utilizaci\u00f3n de buses de comunicaci\u00f3n como pueden &hellip; <\/p>\n<p class=\"link-more\"><a href=\"https:\/\/conter.es\/?page_id=164\" class=\"more-link\">Continuar leyendo<span class=\"screen-reader-text\"> \u00abBuses de Comunicaci\u00f3n\u00bb<\/span><\/a><\/p>\n","protected":false},"author":1,"featured_media":548,"parent":0,"menu_order":0,"comment_status":"closed","ping_status":"closed","template":"","meta":{"footnotes":""},"class_list":["post-164","page","type-page","status-publish","has-post-thumbnail","hentry"],"_links":{"self":[{"href":"https:\/\/conter.es\/index.php?rest_route=\/wp\/v2\/pages\/164","targetHints":{"allow":["GET"]}}],"collection":[{"href":"https:\/\/conter.es\/index.php?rest_route=\/wp\/v2\/pages"}],"about":[{"href":"https:\/\/conter.es\/index.php?rest_route=\/wp\/v2\/types\/page"}],"author":[{"embeddable":true,"href":"https:\/\/conter.es\/index.php?rest_route=\/wp\/v2\/users\/1"}],"replies":[{"embeddable":true,"href":"https:\/\/conter.es\/index.php?rest_route=%2Fwp%2Fv2%2Fcomments&post=164"}],"version-history":[{"count":2,"href":"https:\/\/conter.es\/index.php?rest_route=\/wp\/v2\/pages\/164\/revisions"}],"predecessor-version":[{"id":414,"href":"https:\/\/conter.es\/index.php?rest_route=\/wp\/v2\/pages\/164\/revisions\/414"}],"wp:featuredmedia":[{"embeddable":true,"href":"https:\/\/conter.es\/index.php?rest_route=\/wp\/v2\/media\/548"}],"wp:attachment":[{"href":"https:\/\/conter.es\/index.php?rest_route=%2Fwp%2Fv2%2Fmedia&parent=164"}],"curies":[{"name":"wp","href":"https:\/\/api.w.org\/{rel}","templated":true}]}}