{"id":415,"date":"2019-02-13T09:03:39","date_gmt":"2019-02-13T09:03:39","guid":{"rendered":"https:\/\/conter.es\/wp\/?page_id=415"},"modified":"2019-05-19T17:06:05","modified_gmt":"2019-05-19T17:06:05","slug":"robotica-2","status":"publish","type":"page","link":"https:\/\/conter.es\/?page_id=415","title":{"rendered":"Rob\u00f3tica"},"content":{"rendered":"\n<p>La rob\u00f3tica es la rama de la&nbsp;ingenier\u00eda que se ocupa del&nbsp;dise\u00f1o,&nbsp;construcci\u00f3n, operaci\u00f3n,&nbsp;estructura,&nbsp;manufactura, y aplicaci\u00f3n de los&nbsp;robots.  La rob\u00f3tica combina diversas disciplinas como son: la&nbsp;mec\u00e1nica, la&nbsp;electr\u00f3nica, la&nbsp;inform\u00e1tica, la&nbsp;inteligencia artificial, la&nbsp;ingenier\u00eda de control&nbsp;y la&nbsp;f\u00edsica.<\/p>\n\n\n\n<p>Dentro de la automoci\u00f3n, la rob\u00f3tica se ha\naplicado a muchos procesos como pueden ser la soldadura de piezas y la carga y\ndescarga de piezas gracias a que son equipo robusto y fiables que utilizan\ntecnolog\u00edas innovadoras disponibles en cada momento.<\/p>\n\n\n\n<p>En Conter estamos especializados en la\nfabricaci\u00f3n de sistemas rob\u00f3ticos para la correcta verificaci\u00f3n del\nfuncionamiento de cualquier sistema o proceso industrial. <\/p>\n","protected":false},"excerpt":{"rendered":"<p>La rob\u00f3tica es la rama de la&nbsp;ingenier\u00eda que se ocupa del&nbsp;dise\u00f1o,&nbsp;construcci\u00f3n, operaci\u00f3n,&nbsp;estructura,&nbsp;manufactura, y aplicaci\u00f3n de los&nbsp;robots. La rob\u00f3tica combina diversas disciplinas como son: la&nbsp;mec\u00e1nica, la&nbsp;electr\u00f3nica, la&nbsp;inform\u00e1tica, la&nbsp;inteligencia artificial, la&nbsp;ingenier\u00eda de control&nbsp;y la&nbsp;f\u00edsica. Dentro de la automoci\u00f3n, la rob\u00f3tica se ha aplicado a muchos procesos como pueden ser la soldadura de piezas y la carga y &hellip; <\/p>\n<p class=\"link-more\"><a href=\"https:\/\/conter.es\/?page_id=415\" class=\"more-link\">Continuar leyendo<span class=\"screen-reader-text\"> \u00abRob\u00f3tica\u00bb<\/span><\/a><\/p>\n","protected":false},"author":1,"featured_media":551,"parent":0,"menu_order":0,"comment_status":"closed","ping_status":"closed","template":"","meta":{"footnotes":""},"class_list":["post-415","page","type-page","status-publish","has-post-thumbnail","hentry"],"_links":{"self":[{"href":"https:\/\/conter.es\/index.php?rest_route=\/wp\/v2\/pages\/415","targetHints":{"allow":["GET"]}}],"collection":[{"href":"https:\/\/conter.es\/index.php?rest_route=\/wp\/v2\/pages"}],"about":[{"href":"https:\/\/conter.es\/index.php?rest_route=\/wp\/v2\/types\/page"}],"author":[{"embeddable":true,"href":"https:\/\/conter.es\/index.php?rest_route=\/wp\/v2\/users\/1"}],"replies":[{"embeddable":true,"href":"https:\/\/conter.es\/index.php?rest_route=%2Fwp%2Fv2%2Fcomments&post=415"}],"version-history":[{"count":2,"href":"https:\/\/conter.es\/index.php?rest_route=\/wp\/v2\/pages\/415\/revisions"}],"predecessor-version":[{"id":552,"href":"https:\/\/conter.es\/index.php?rest_route=\/wp\/v2\/pages\/415\/revisions\/552"}],"wp:featuredmedia":[{"embeddable":true,"href":"https:\/\/conter.es\/index.php?rest_route=\/wp\/v2\/media\/551"}],"wp:attachment":[{"href":"https:\/\/conter.es\/index.php?rest_route=%2Fwp%2Fv2%2Fmedia&parent=415"}],"curies":[{"name":"wp","href":"https:\/\/api.w.org\/{rel}","templated":true}]}}