{"id":465,"date":"2019-03-27T11:27:11","date_gmt":"2019-03-27T11:27:11","guid":{"rendered":"https:\/\/conter.es\/wp\/?page_id=465"},"modified":"2026-02-19T09:34:29","modified_gmt":"2026-02-19T09:34:29","slug":"about-us-2","status":"publish","type":"page","link":"https:\/\/conter.es\/?page_id=465","title":{"rendered":"Sobre nosotros"},"content":{"rendered":"\n<h2 class=\"wp-block-heading\">Somos una empresa especializada en el dise\u00f1o y desarrollo de sistemas integrales de automatizaci\u00f3n y control de procesos para la industria. <\/h2>\n\n\n<p>Nos hemos especializado en el dise\u00f1o y desarrollo de bancos de control para la industria. Nuestros servicios pueden dirigirse a cualquier tipo de l\u00ednea de negocio, sin embargo, su evoluci\u00f3n m\u00e1s significativa ha sido dentro del sector de la automoci\u00f3n. El alto nivel de exigencia requerido en este sector, en cuanto a calidad y potencial, genera una demanda de este tipo de servicios. \u00a0<\/p>\n<p>Contamos con una dilatada experiencia, de m\u00e1s de 20 a\u00f1os, en diferentes sectores de la industria (aviaci\u00f3n, ac\u00fastico, medio ambiente, ferroviario, qu\u00edmico, farmac\u00e9utico, electr\u00f3nico, energ\u00e9tico, alimentaci\u00f3n, perfumer\u00eda, cosm\u00e9tica, medicina, pl\u00e1stico y caucho, etc.) y especialmente en el sector de la automoci\u00f3n donde gozamos de un buen posicionamiento a nivel mundial.<\/p>\n<p>Durante el desarrollo de nuestros equipos realizamos el dise\u00f1o mec\u00e1nico, el\u00e9ctrico y electr\u00f3nico, y toda la instalaci\u00f3n y cableado, la programaci\u00f3n, y la puesta en marcha, as\u00ed como las tareas de mantenimiento y formaci\u00f3n del usuario.<\/p>\n<p>La formaci\u00f3n continua de nuestro equipo de trabajo en las tecnolog\u00edas m\u00e1s innovadoras que hay en el mercado nos permite integrar varias de estas tecnolog\u00edas punteras a la vez en un mismo equipo para as\u00ed dar mayor cobertura de acci\u00f3n a nuestros clientes.<\/p>\n<ul>\n<li>Visi\u00f3n Artificial.<\/li>\n<li>Automatizaci\u00f3n Industrial.<\/li>\n<li>Buses de comunicaciones.<\/li>\n<li>Rob\u00f3tica<\/li>\n<li>Big Data<\/li>\n<\/ul>\n\n\n<div class=\"wp-block-group is-nowrap is-layout-flex wp-container-core-group-is-layout-ad2f72ca wp-block-group-is-layout-flex\">\n<figure class=\"wp-block-image size-large is-resized\"><img loading=\"lazy\" decoding=\"async\" width=\"1024\" height=\"378\" src=\"https:\/\/conter.es\/wp-content\/uploads\/2026\/02\/Logo_TUV_2015-1-1024x378.jpg\" alt=\"\" class=\"wp-image-883\" style=\"aspect-ratio:2.709207386006783;width:263px;height:auto\" srcset=\"https:\/\/conter.es\/wp-content\/uploads\/2026\/02\/Logo_TUV_2015-1-1024x378.jpg 1024w, https:\/\/conter.es\/wp-content\/uploads\/2026\/02\/Logo_TUV_2015-1-300x111.jpg 300w, https:\/\/conter.es\/wp-content\/uploads\/2026\/02\/Logo_TUV_2015-1-768x283.jpg 768w, https:\/\/conter.es\/wp-content\/uploads\/2026\/02\/Logo_TUV_2015-1-1536x567.jpg 1536w, https:\/\/conter.es\/wp-content\/uploads\/2026\/02\/Logo_TUV_2015-1.jpg 1965w\" sizes=\"auto, (max-width: 767px) 89vw, (max-width: 1000px) 54vw, (max-width: 1071px) 543px, 580px\" \/><\/figure>\n\n\n\n<figure class=\"wp-block-image size-large is-resized\"><img loading=\"lazy\" decoding=\"async\" width=\"1024\" height=\"321\" src=\"https:\/\/conter.es\/wp-content\/uploads\/2026\/02\/Low-Resolution-For-Web-Alliance-Partner-Membership-Logo-002-1-1024x321.jpg\" alt=\"\" class=\"wp-image-884\" style=\"aspect-ratio:3.190060641916876;width:267px;height:auto\" srcset=\"https:\/\/conter.es\/wp-content\/uploads\/2026\/02\/Low-Resolution-For-Web-Alliance-Partner-Membership-Logo-002-1-1024x321.jpg 1024w, https:\/\/conter.es\/wp-content\/uploads\/2026\/02\/Low-Resolution-For-Web-Alliance-Partner-Membership-Logo-002-1-300x94.jpg 300w, https:\/\/conter.es\/wp-content\/uploads\/2026\/02\/Low-Resolution-For-Web-Alliance-Partner-Membership-Logo-002-1-768x241.jpg 768w, https:\/\/conter.es\/wp-content\/uploads\/2026\/02\/Low-Resolution-For-Web-Alliance-Partner-Membership-Logo-002-1.jpg 1500w\" sizes=\"auto, (max-width: 767px) 89vw, (max-width: 1000px) 54vw, (max-width: 1071px) 543px, 580px\" \/><\/figure>\n<\/div>\n\n\n\n<p><\/p>\n\n\n\n<div title=\"Sello PYME INNOVADORA 15\/02\/2029\" style=\"width:238px;text-align:center;\"><a style=\"text-decoration:none;\" target=\"_blank\"  href=\"https:\/\/aplicaciones.ciencia.gob.es\/pyi\/infoPYI.do?cif=A61392874\"  title=\"Ir a 'Sello Pyme Innovadora con validez 15\/02\/2029 ' en ventana nueva\" ><div><img decoding=\"async\" alt=\"Sello PYME INNOVADORA 15\/02\/2029\" src=\"https:\/\/aplicaciones.ciencia.gob.es\/pyi\/imagenes\/sello.jpg\" \/><\/div><div style=\"color:#000000;text-decoration: none;margin-top:10px;margin-bottom:10px;\"><div style=\"font-weight:bold;font-size: 16px;\">A61392874<\/div><div style=\"font-weight:bold;font-size: 12px;\">CONTER CONTROL DE ENERG\u00cdA, S.A.<\/div><div style=\"font-weight:bold;font-size: 16px;\">PYME INNOVADORA<\/div><div style=\"font-size: 10px;\">V\u00e1lido entre 16\/02\/2026- 15\/02\/2029<\/div><\/div><div><img decoding=\"async\" alt=\"escudo de MEIC 15\/02\/2029\" src=\"https:\/\/aplicaciones.ciencia.gob.es\/pyi\/imagenes\/escudo.jpg\"\/><\/div><\/a><\/div>\n\n\n\n<p><\/p>\n","protected":false},"excerpt":{"rendered":"<p>Somos una empresa especializada en el dise\u00f1o y desarrollo de sistemas integrales de automatizaci\u00f3n y control de procesos para la industria. Nos hemos especializado en el dise\u00f1o y desarrollo de bancos de control para la industria. Nuestros servicios pueden dirigirse a cualquier tipo de l\u00ednea de negocio, sin embargo, su evoluci\u00f3n m\u00e1s significativa ha sido &hellip; <\/p>\n<p class=\"link-more\"><a href=\"https:\/\/conter.es\/?page_id=465\" class=\"more-link\">Continuar leyendo<span class=\"screen-reader-text\"> \u00abSobre nosotros\u00bb<\/span><\/a><\/p>\n","protected":false},"author":1,"featured_media":0,"parent":0,"menu_order":0,"comment_status":"closed","ping_status":"closed","template":"","meta":{"footnotes":""},"class_list":["post-465","page","type-page","status-publish","hentry"],"_links":{"self":[{"href":"https:\/\/conter.es\/index.php?rest_route=\/wp\/v2\/pages\/465","targetHints":{"allow":["GET"]}}],"collection":[{"href":"https:\/\/conter.es\/index.php?rest_route=\/wp\/v2\/pages"}],"about":[{"href":"https:\/\/conter.es\/index.php?rest_route=\/wp\/v2\/types\/page"}],"author":[{"embeddable":true,"href":"https:\/\/conter.es\/index.php?rest_route=\/wp\/v2\/users\/1"}],"replies":[{"embeddable":true,"href":"https:\/\/conter.es\/index.php?rest_route=%2Fwp%2Fv2%2Fcomments&post=465"}],"version-history":[{"count":8,"href":"https:\/\/conter.es\/index.php?rest_route=\/wp\/v2\/pages\/465\/revisions"}],"predecessor-version":[{"id":886,"href":"https:\/\/conter.es\/index.php?rest_route=\/wp\/v2\/pages\/465\/revisions\/886"}],"wp:attachment":[{"href":"https:\/\/conter.es\/index.php?rest_route=%2Fwp%2Fv2%2Fmedia&parent=465"}],"curies":[{"name":"wp","href":"https:\/\/api.w.org\/{rel}","templated":true}]}}