{"id":777,"date":"2024-02-21T12:26:36","date_gmt":"2024-02-21T12:26:36","guid":{"rendered":"https:\/\/conter.es\/?page_id=777"},"modified":"2025-07-03T07:44:15","modified_gmt":"2025-07-03T07:44:15","slug":"innovacion","status":"publish","type":"page","link":"https:\/\/conter.es\/?page_id=777","title":{"rendered":"Innovaci\u00f3n"},"content":{"rendered":"\n<p><strong>Proyecto de Investigaci\u00f3n y Desarrollo denominado: Investigaci\u00f3n y desarrollo de un sistema de inteligencia artificial para la detecci\u00f3n de defectos en el aspecto del producto<\/strong><\/p>\n\n\n\n<p><em>EXP 00156124 \/ IDI-20230527 \u2013 CONTER CONTROL DE ENERG\u00cdA S.A.<\/em><\/p>\n\n\n\n<p><strong>Co-financiaci\u00f3n y comunicaci\u00f3n<\/strong><\/p>\n\n\n\n<p>Este proyecto ha sido cofinanciado por la Uni\u00f3n Europea mediante el Fondo Europeo de Desarrollo Regional (FEDER), en el marco del Programa Plurirregional de Espa\u00f1a 2021\u20132027. La gesti\u00f3n de esta ayuda corresponde al Centro para el Desarrollo Tecnol\u00f3gico e Innovaci\u00f3n (CDTI), organismo p\u00fablico dependiente del Ministerio de Ciencia e Innovaci\u00f3n. Bajo el lema <strong>\u2018Europa se siente\u2019<\/strong>, esta cofinanciaci\u00f3n contribuye a impulsar la investigaci\u00f3n, el desarrollo tecnol\u00f3gico y la innovaci\u00f3n en Espa\u00f1a.<\/p>\n\n\n\n<figure class=\"wp-block-image size-large is-resized\"><img loading=\"lazy\" decoding=\"async\" width=\"1016\" height=\"83\" src=\"https:\/\/conter.es\/wp-content\/uploads\/2024\/07\/logos-FEDER.jpg\" alt=\"\" class=\"wp-image-815\" style=\"width:656px;height:auto\"\/><\/figure>\n\n\n\n<figure class=\"wp-block-image size-large is-resized\"><img loading=\"lazy\" decoding=\"async\" width=\"2211\" height=\"388\" src=\"https:\/\/conter.es\/wp-content\/uploads\/2024\/07\/logos-CDTI.jpg\" alt=\"\" class=\"wp-image-816\" style=\"width:361px;height:auto\"\/><\/figure>\n\n\n\n<hr class=\"wp-block-separator has-alpha-channel-opacity\"\/>\n\n\n\n<p><\/p>\n\n\n\n<p><\/p>\n\n\n\n<p>CONTER CONTROL DE ENERG\u00cdA S.A. ha llevado a cabo un proyecto de I+D orientado al desarrollo de una tecnolog\u00eda basada en Inteligencia Artificial, Deep Learning y visi\u00f3n por computador, capaz de detectar defectos est\u00e9ticos (golpes, ralladuras, ara\u00f1azos, etc.) en piezas de veh\u00edculos, tanto en su interior como en su exterior, fabricadas en materiales como pl\u00e1sticos, metales, tejidos, pieles o maderas. Esta soluci\u00f3n est\u00e1 dise\u00f1ada para mejorar significativamente los sistemas actuales de control de calidad en el sector de la automoci\u00f3n, que dependen mayoritariamente de la inspecci\u00f3n humana o tecnolog\u00edas convencionales.<\/p>\n\n\n\n<p>El proyecto se ha ejecutado en la provincia de Barcelona, durante 24 meses, desde el 1 de enero de 2023 hasta el 31 de diciembre de 2024, con un presupuesto total de 666.384 \u20ac, de los cuales 566.426,40 \u20ac han sido cofinanciados por la Uni\u00f3n Europea a trav\u00e9s del Fondo Europeo de Desarrollo Regional (FEDER), en el marco del Programa Plurirregional de Espa\u00f1a 2021\u20132027, bajo la l\u00ednea de ayudas parcialmente reembolsables a proyectos individuales de I+D gestionadas por el Centro para el Desarrollo Tecnol\u00f3gico e Innovaci\u00f3n (CDTI), organismo p\u00fablico dependiente del Ministerio de Ciencia e Innovaci\u00f3n. Esta actuaci\u00f3n contribuye al Objetivo Pol\u00edtico 1 de la UE: Una Europa m\u00e1s competitiva e inteligente.<\/p>\n\n\n\n<p><strong>Objetivos del proyecto<\/strong>:<\/p>\n\n\n\n<ul class=\"wp-block-list\">\n<li>Desarrollar un sistema de evaluaci\u00f3n mediante IA capaz de identificar defectos est\u00e9ticos en producci\u00f3n industrial.<\/li>\n\n\n\n<li>Dise\u00f1ar una plataforma de software flexible, escalable y comunicable v\u00eda API con otras soluciones del entorno del cliente.<\/li>\n\n\n\n<li>Implementar un flujo de trabajo eficiente para la generaci\u00f3n y entrenamiento de modelos de IA con m\u00ednimo consumo de recursos.<\/li>\n\n\n\n<li>Validar un prototipo funcional en entorno de laboratorio (TRL4), prepar\u00e1ndolo para su futura industrializaci\u00f3n.<\/li>\n<\/ul>\n\n\n\n<p><strong>Resultados alcanzados<\/strong>:<\/p>\n\n\n\n<ul class=\"wp-block-list\">\n<li>Desarrollo de una plataforma de software estable y funcional, con interfaz intuitiva, base de datos propia y herramientas para an\u00e1lisis estad\u00edstico y mantenimiento.<\/li>\n\n\n\n<li>Integraci\u00f3n de un motor de evaluaci\u00f3n con IA basado en redes convolucionales y complementado por una fase de decisi\u00f3n basada en l\u00f3gica de filtros parametrizados, aumentando la precisi\u00f3n y la trazabilidad del sistema.<\/li>\n\n\n\n<li>Obtenci\u00f3n de un conocimiento t\u00e9cnico avanzado en detecci\u00f3n de defectos y entrenamiento de modelos, y apertura de nuevas oportunidades comerciales para CONTER en el \u00e1mbito de la automatizaci\u00f3n del control de calidad.<\/li>\n<\/ul>\n\n\n\n<p><\/p>\n\n\n\n<p><\/p>\n","protected":false},"excerpt":{"rendered":"<p>Proyecto de Investigaci\u00f3n y Desarrollo denominado: Investigaci\u00f3n y desarrollo de un sistema de inteligencia artificial para la detecci\u00f3n de defectos en el aspecto del producto EXP 00156124 \/ IDI-20230527 \u2013 CONTER CONTROL DE ENERG\u00cdA S.A. Co-financiaci\u00f3n y comunicaci\u00f3n Este proyecto ha sido cofinanciado por la Uni\u00f3n Europea mediante el Fondo Europeo de Desarrollo Regional (FEDER), &hellip; <\/p>\n<p class=\"link-more\"><a href=\"https:\/\/conter.es\/?page_id=777\" class=\"more-link\">Continuar leyendo<span class=\"screen-reader-text\"> \u00abInnovaci\u00f3n\u00bb<\/span><\/a><\/p>\n","protected":false},"author":2,"featured_media":0,"parent":0,"menu_order":0,"comment_status":"closed","ping_status":"closed","template":"","meta":{"footnotes":""},"class_list":["post-777","page","type-page","status-publish","hentry"],"_links":{"self":[{"href":"https:\/\/conter.es\/index.php?rest_route=\/wp\/v2\/pages\/777","targetHints":{"allow":["GET"]}}],"collection":[{"href":"https:\/\/conter.es\/index.php?rest_route=\/wp\/v2\/pages"}],"about":[{"href":"https:\/\/conter.es\/index.php?rest_route=\/wp\/v2\/types\/page"}],"author":[{"embeddable":true,"href":"https:\/\/conter.es\/index.php?rest_route=\/wp\/v2\/users\/2"}],"replies":[{"embeddable":true,"href":"https:\/\/conter.es\/index.php?rest_route=%2Fwp%2Fv2%2Fcomments&post=777"}],"version-history":[{"count":11,"href":"https:\/\/conter.es\/index.php?rest_route=\/wp\/v2\/pages\/777\/revisions"}],"predecessor-version":[{"id":863,"href":"https:\/\/conter.es\/index.php?rest_route=\/wp\/v2\/pages\/777\/revisions\/863"}],"wp:attachment":[{"href":"https:\/\/conter.es\/index.php?rest_route=%2Fwp%2Fv2%2Fmedia&parent=777"}],"curies":[{"name":"wp","href":"https:\/\/api.w.org\/{rel}","templated":true}]}}